{"id":181,"date":"2024-07-02T08:54:50","date_gmt":"2024-07-02T12:54:50","guid":{"rendered":"https:\/\/broncesrey.cl\/?page_id=181"},"modified":"2024-07-10T12:39:09","modified_gmt":"2024-07-10T16:39:09","slug":"torneado-y-mecanizado-de-precision","status":"publish","type":"page","link":"https:\/\/broncesrey.cl\/index.php\/torneado-y-mecanizado-de-precision\/","title":{"rendered":"Torneado y mecanizado de precisi\u00f3n"},"content":{"rendered":"\t\t<div data-elementor-type=\"wp-page\" data-elementor-id=\"181\" class=\"elementor elementor-181\" data-elementor-post-type=\"page\">\n\t\t\t\t\t\t<section class=\"elementor-section elementor-top-section elementor-element elementor-element-a04ea8f elementor-section-full_width elementor-section-height-default elementor-section-height-default\" data-id=\"a04ea8f\" data-element_type=\"section\">\n\t\t\t\t\t\t<div class=\"elementor-container elementor-column-gap-no\">\n\t\t\t\t\t<div class=\"elementor-column elementor-col-100 elementor-top-column elementor-element elementor-element-658a57c\" data-id=\"658a57c\" data-element_type=\"column\">\n\t\t\t<div class=\"elementor-widget-wrap elementor-element-populated\">\n\t\t\t\t\t\t<div class=\"elementor-element elementor-element-1b1a5ca elementor-widget elementor-widget-image\" data-id=\"1b1a5ca\" data-element_type=\"widget\" data-widget_type=\"image.default\">\n\t\t\t\t<div class=\"elementor-widget-container\">\n\t\t\t\t\t\t\t\t\t\t\t\t\t<img fetchpriority=\"high\" decoding=\"async\" width=\"1600\" height=\"650\" src=\"https:\/\/broncesrey.cl\/wp-content\/uploads\/2024\/07\/Galvanoplastia-bronves-rey.jpg\" class=\"attachment-full size-full wp-image-194\" alt=\"\" srcset=\"https:\/\/broncesrey.cl\/wp-content\/uploads\/2024\/07\/Galvanoplastia-bronves-rey.jpg 1600w, https:\/\/broncesrey.cl\/wp-content\/uploads\/2024\/07\/Galvanoplastia-bronves-rey-300x122.jpg 300w, https:\/\/broncesrey.cl\/wp-content\/uploads\/2024\/07\/Galvanoplastia-bronves-rey-1024x416.jpg 1024w, https:\/\/broncesrey.cl\/wp-content\/uploads\/2024\/07\/Galvanoplastia-bronves-rey-768x312.jpg 768w, https:\/\/broncesrey.cl\/wp-content\/uploads\/2024\/07\/Galvanoplastia-bronves-rey-1536x624.jpg 1536w\" sizes=\"(max-width: 1600px) 100vw, 1600px\" \/>\t\t\t\t\t\t\t\t\t\t\t\t\t<\/div>\n\t\t\t\t<\/div>\n\t\t\t\t\t<\/div>\n\t\t<\/div>\n\t\t\t\t\t<\/div>\n\t\t<\/section>\n\t\t\t\t<section class=\"elementor-section elementor-top-section elementor-element elementor-element-615e323 elementor-section-boxed elementor-section-height-default elementor-section-height-default\" data-id=\"615e323\" data-element_type=\"section\">\n\t\t\t\t\t\t<div class=\"elementor-container elementor-column-gap-default\">\n\t\t\t\t\t<div class=\"elementor-column elementor-col-100 elementor-top-column elementor-element elementor-element-b841800\" data-id=\"b841800\" data-element_type=\"column\">\n\t\t\t<div class=\"elementor-widget-wrap elementor-element-populated\">\n\t\t\t\t\t\t<div class=\"elementor-element elementor-element-b815c6f elementor-widget elementor-widget-heading\" data-id=\"b815c6f\" data-element_type=\"widget\" data-widget_type=\"heading.default\">\n\t\t\t\t<div class=\"elementor-widget-container\">\n\t\t\t<h2 class=\"elementor-heading-title elementor-size-default\">Torneado y mecanizado de precisi\u00f3n<\/h2>\t\t<\/div>\n\t\t\t\t<\/div>\n\t\t\t\t\t<\/div>\n\t\t<\/div>\n\t\t\t\t\t<\/div>\n\t\t<\/section>\n\t\t\t\t<section class=\"elementor-section elementor-top-section elementor-element elementor-element-b4a16f2 elementor-section-boxed elementor-section-height-default elementor-section-height-default\" data-id=\"b4a16f2\" data-element_type=\"section\" data-settings=\"{&quot;background_background&quot;:&quot;classic&quot;}\">\n\t\t\t\t\t\t<div class=\"elementor-container elementor-column-gap-default\">\n\t\t\t\t\t<div class=\"elementor-column elementor-col-100 elementor-top-column elementor-element elementor-element-4bd10e6\" data-id=\"4bd10e6\" data-element_type=\"column\">\n\t\t\t<div class=\"elementor-widget-wrap elementor-element-populated\">\n\t\t\t\t\t\t<div class=\"elementor-element elementor-element-0b39c05 elementor-widget elementor-widget-text-editor\" data-id=\"0b39c05\" data-element_type=\"widget\" data-widget_type=\"text-editor.default\">\n\t\t\t\t<div class=\"elementor-widget-container\">\n\t\t\t\t\t\t\t<p>Nos especializamos en el torneado y mecanizado de piezas en torno convencional y torno CNC, ofreciendo un servicio de alta calidad y precisi\u00f3n para satisfacer las necesidades m\u00e1s exigentes de nuestros clientes.<\/p><p>Expertos en torno convencional y torno CNC.<\/p><p>Contamos con un equipo altamente capacitado de profesionales y tecnolog\u00eda de \u00faltima generaci\u00f3n para realizar trabajos de torneado y mecanizado de piezas en torno convencional y torno CNC. Sea cual sea su requerimiento, en Bronces Rey encontrar\u00e1 la soluci\u00f3n perfecta.<\/p>\t\t\t\t\t\t<\/div>\n\t\t\t\t<\/div>\n\t\t\t\t\t<\/div>\n\t\t<\/div>\n\t\t\t\t\t<\/div>\n\t\t<\/section>\n\t\t\t\t<section class=\"elementor-section elementor-top-section elementor-element elementor-element-a95a71b elementor-section-boxed elementor-section-height-default elementor-section-height-default\" data-id=\"a95a71b\" data-element_type=\"section\" data-settings=\"{&quot;background_background&quot;:&quot;classic&quot;}\">\n\t\t\t\t\t\t<div class=\"elementor-container elementor-column-gap-default\">\n\t\t\t\t\t<div class=\"elementor-column elementor-col-100 elementor-top-column elementor-element elementor-element-d8dcdd5\" data-id=\"d8dcdd5\" data-element_type=\"column\">\n\t\t\t<div class=\"elementor-widget-wrap elementor-element-populated\">\n\t\t\t\t\t\t<div class=\"elementor-element elementor-element-822eb9b elementor-widget elementor-widget-text-editor\" data-id=\"822eb9b\" data-element_type=\"widget\" data-widget_type=\"text-editor.default\">\n\t\t\t\t<div class=\"elementor-widget-container\">\n\t\t\t\t\t\t\t<p>Torneado convencional:<\/p><ul><li>Ideal para piezas de geometr\u00eda simple o compleja.<\/li><li>Alta precisi\u00f3n y versatilidad.<\/li><li>Adecuado para producciones de bajo a mediano volumen.<\/li><\/ul><p>Torneado CNC:<\/p><ul><li>M\u00e1xima precisi\u00f3n y repetibilidad.<\/li><li>Ideal para piezas de geometr\u00eda compleja y producciones de alto volumen.<\/li><li>Control automatizado del proceso de mecanizado.<\/li><\/ul><p>Trabajamos con una amplia gama de materiales, incluyendo:<\/p><ul><li>Acero al carbono<\/li><li>Acero inoxidable<\/li><li>Aluminio<\/li><li>Bronce<\/li><li>Cobre<br \/><br \/><\/li><\/ul>\t\t\t\t\t\t<\/div>\n\t\t\t\t<\/div>\n\t\t\t\t\t<\/div>\n\t\t<\/div>\n\t\t\t\t\t<\/div>\n\t\t<\/section>\n\t\t\t\t<section class=\"elementor-section elementor-top-section elementor-element elementor-element-f3bc641 elementor-section-boxed elementor-section-height-default elementor-section-height-default\" data-id=\"f3bc641\" data-element_type=\"section\">\n\t\t\t\t\t\t<div class=\"elementor-container elementor-column-gap-default\">\n\t\t\t\t\t<div class=\"elementor-column elementor-col-100 elementor-top-column elementor-element elementor-element-331cfec\" data-id=\"331cfec\" data-element_type=\"column\">\n\t\t\t<div class=\"elementor-widget-wrap elementor-element-populated\">\n\t\t\t\t\t\t<div class=\"elementor-element elementor-element-8fd6e0e elementor-widget elementor-widget-heading\" data-id=\"8fd6e0e\" data-element_type=\"widget\" data-widget_type=\"heading.default\">\n\t\t\t\t<div class=\"elementor-widget-container\">\n\t\t\t<h2 class=\"elementor-heading-title elementor-size-default\">Cont\u00e1ctanos<\/h2>\t\t<\/div>\n\t\t\t\t<\/div>\n\t\t\t\t<div class=\"elementor-element elementor-element-4be7435 elementor-button-align-center elementor-widget elementor-widget-form\" data-id=\"4be7435\" data-element_type=\"widget\" data-settings=\"{&quot;step_next_label&quot;:&quot;Next&quot;,&quot;step_previous_label&quot;:&quot;Previous&quot;,&quot;button_width&quot;:&quot;100&quot;,&quot;step_type&quot;:&quot;number_text&quot;,&quot;step_icon_shape&quot;:&quot;circle&quot;}\" data-widget_type=\"form.default\">\n\t\t\t\t<div class=\"elementor-widget-container\">\n\t\t\t\t\t<form class=\"elementor-form\" method=\"post\" name=\"Formulario Bronces Rey\">\n\t\t\t<input type=\"hidden\" name=\"post_id\" value=\"181\"\/>\n\t\t\t<input type=\"hidden\" name=\"form_id\" value=\"4be7435\"\/>\n\t\t\t<input type=\"hidden\" name=\"referer_title\" value=\"Bronces Rey\" \/>\n\n\t\t\t\n\t\t\t<div class=\"elementor-form-fields-wrapper elementor-labels-above\">\n\t\t\t\t\t\t\t\t<div class=\"elementor-field-type-text elementor-field-group elementor-column elementor-field-group-name elementor-col-100\">\n\t\t\t\t\t\t\t\t\t\t\t\t<label for=\"form-field-name\" class=\"elementor-field-label\">\n\t\t\t\t\t\t\t\tNombre\t\t\t\t\t\t\t<\/label>\n\t\t\t\t\t\t\t\t\t\t\t\t\t\t<input size=\"1\" type=\"text\" name=\"form_fields[name]\" id=\"form-field-name\" class=\"elementor-field elementor-size-sm  elementor-field-textual\" placeholder=\"Nombre\">\n\t\t\t\t\t\t\t\t\t\t\t<\/div>\n\t\t\t\t\t\t\t\t<div class=\"elementor-field-type-email elementor-field-group elementor-column elementor-field-group-email elementor-col-100 elementor-field-required\">\n\t\t\t\t\t\t\t\t\t\t\t\t<label for=\"form-field-email\" class=\"elementor-field-label\">\n\t\t\t\t\t\t\t\tEmail\t\t\t\t\t\t\t<\/label>\n\t\t\t\t\t\t\t\t\t\t\t\t\t\t<input size=\"1\" type=\"email\" name=\"form_fields[email]\" id=\"form-field-email\" class=\"elementor-field elementor-size-sm  elementor-field-textual\" placeholder=\"Email\" required=\"required\" aria-required=\"true\">\n\t\t\t\t\t\t\t\t\t\t\t<\/div>\n\t\t\t\t\t\t\t\t<div class=\"elementor-field-type-tel elementor-field-group elementor-column elementor-field-group-field_8f15a04 elementor-col-100 elementor-field-required\">\n\t\t\t\t\t\t\t\t\t\t\t\t<label for=\"form-field-field_8f15a04\" class=\"elementor-field-label\">\n\t\t\t\t\t\t\t\tTel\u00e9fono\t\t\t\t\t\t\t<\/label>\n\t\t\t\t\t\t\t\t<input size=\"1\" type=\"tel\" name=\"form_fields[field_8f15a04]\" id=\"form-field-field_8f15a04\" class=\"elementor-field elementor-size-sm  elementor-field-textual\" placeholder=\"+569 1234 5678\" required=\"required\" aria-required=\"true\" pattern=\"[0-9()#&amp;+*-=.]+\" title=\"Only numbers and phone characters (#, -, *, etc) are accepted.\">\n\n\t\t\t\t\t\t<\/div>\n\t\t\t\t\t\t\t\t<div class=\"elementor-field-type-textarea elementor-field-group elementor-column elementor-field-group-message elementor-col-100\">\n\t\t\t\t\t\t\t\t\t\t\t\t<label for=\"form-field-message\" class=\"elementor-field-label\">\n\t\t\t\t\t\t\t\tMensaje\t\t\t\t\t\t\t<\/label>\n\t\t\t\t\t\t<textarea class=\"elementor-field-textual elementor-field  elementor-size-sm\" name=\"form_fields[message]\" id=\"form-field-message\" rows=\"4\" placeholder=\"Mensaje\"><\/textarea>\t\t\t\t<\/div>\n\t\t\t\t\t\t\t\t<div class=\"elementor-field-type-recaptcha elementor-field-group elementor-column elementor-field-group-field_ddb252e elementor-col-100\">\n\t\t\t\t\t<div class=\"elementor-field\" id=\"form-field-field_ddb252e\"><div class=\"elementor-g-recaptcha\" data-sitekey=\"6LdrCA0qAAAAAC2U5vMDgf_-vDsWtlXpX4udyAgz\" data-type=\"v2_checkbox\" data-theme=\"light\" data-size=\"normal\"><\/div><\/div>\t\t\t\t<\/div>\n\t\t\t\t\t\t\t\t<div class=\"elementor-field-group elementor-column elementor-field-type-submit elementor-col-100 e-form__buttons\">\n\t\t\t\t\t<button class=\"elementor-button elementor-size-sm\" type=\"submit\">\n\t\t\t\t\t\t<span class=\"elementor-button-content-wrapper\">\n\t\t\t\t\t\t\t\t\t\t\t\t\t\t\t\t\t\t\t\t\t\t<span class=\"elementor-button-text\">Enviar<\/span>\n\t\t\t\t\t\t\t\t\t\t\t\t\t<\/span>\n\t\t\t\t\t<\/button>\n\t\t\t\t<\/div>\n\t\t\t<\/div>\n\t\t<\/form>\n\t\t\t\t<\/div>\n\t\t\t\t<\/div>\n\t\t\t\t\t<\/div>\n\t\t<\/div>\n\t\t\t\t\t<\/div>\n\t\t<\/section>\n\t\t\t\t<\/div>\n\t\t","protected":false},"excerpt":{"rendered":"<p>Torneado y mecanizado de precisi\u00f3n Nos especializamos en el torneado y mecanizado de piezas en torno convencional y torno CNC, [&hellip;]<\/p>\n","protected":false},"author":1,"featured_media":21,"parent":0,"menu_order":0,"comment_status":"closed","ping_status":"closed","template":"elementor_header_footer","meta":{"site-sidebar-layout":"no-sidebar","site-content-layout":"","ast-site-content-layout":"full-width-container","site-content-style":"default","site-sidebar-style":"default","ast-global-header-display":"","ast-banner-title-visibility":"","ast-main-header-display":"","ast-hfb-above-header-display":"","ast-hfb-below-header-display":"","ast-hfb-mobile-header-display":"","site-post-title":"disabled","ast-breadcrumbs-content":"","ast-featured-img":"disabled","footer-sml-layout":"","theme-transparent-header-meta":"","adv-header-id-meta":"","stick-header-meta":"","header-above-stick-meta":"","header-main-stick-meta":"","header-below-stick-meta":"","astra-migrate-meta-layouts":"default","ast-page-background-enabled":"default","ast-page-background-meta":{"desktop":{"background-color":"var(--ast-global-color-4)","background-image":"","background-repeat":"repeat","background-position":"center center","background-size":"auto","background-attachment":"scroll","background-type":"","background-media":"","overlay-type":"","overlay-color":"","overlay-opacity":"","overlay-gradient":""},"tablet":{"background-color":"","background-image":"","background-repeat":"repeat","background-position":"center center","background-size":"auto","background-attachment":"scroll","background-type":"","background-media":"","overlay-type":"","overlay-color":"","overlay-opacity":"","overlay-gradient":""},"mobile":{"background-color":"","background-image":"","background-repeat":"repeat","background-position":"center center","background-size":"auto","background-attachment":"scroll","background-type":"","background-media":"","overlay-type":"","overlay-color":"","overlay-opacity":"","overlay-gradient":""}},"ast-content-background-meta":{"desktop":{"background-color":"var(--ast-global-color-5)","background-image":"","background-repeat":"repeat","background-position":"center center","background-size":"auto","background-attachment":"scroll","background-type":"","background-media":"","overlay-type":"","overlay-color":"","overlay-opacity":"","overlay-gradient":""},"tablet":{"background-color":"var(--ast-global-color-5)","background-image":"","background-repeat":"repeat","background-position":"center center","background-size":"auto","background-attachment":"scroll","background-type":"","background-media":"","overlay-type":"","overlay-color":"","overlay-opacity":"","overlay-gradient":""},"mobile":{"background-color":"var(--ast-global-color-5)","background-image":"","background-repeat":"repeat","background-position":"center center","background-size":"auto","background-attachment":"scroll","background-type":"","background-media":"","overlay-type":"","overlay-color":"","overlay-opacity":"","overlay-gradient":""}},"footnotes":""},"class_list":["post-181","page","type-page","status-publish","has-post-thumbnail","hentry"],"yoast_head":"<!-- This site is optimized with the Yoast SEO plugin v24.0 - https:\/\/yoast.com\/wordpress\/plugins\/seo\/ -->\n<title>Torneado y mecanizado de precisi\u00f3n | Bronces Rey<\/title>\n<meta name=\"robots\" content=\"index, follow, max-snippet:-1, max-image-preview:large, max-video-preview:-1\" \/>\n<link rel=\"canonical\" href=\"https:\/\/broncesrey.cl\/index.php\/torneado-y-mecanizado-de-precision\/\" \/>\n<meta property=\"og:locale\" content=\"es_ES\" \/>\n<meta property=\"og:type\" content=\"article\" \/>\n<meta property=\"og:title\" content=\"Torneado y mecanizado de precisi\u00f3n | Bronces Rey\" \/>\n<meta property=\"og:description\" content=\"Torneado y mecanizado de precisi\u00f3n Nos especializamos en el torneado y mecanizado de piezas en torno convencional y torno CNC, [&hellip;]\" \/>\n<meta property=\"og:url\" content=\"https:\/\/broncesrey.cl\/index.php\/torneado-y-mecanizado-de-precision\/\" \/>\n<meta property=\"og:site_name\" content=\"Bronces Rey\" \/>\n<meta property=\"article:modified_time\" content=\"2024-07-10T16:39:09+00:00\" \/>\n<meta property=\"og:image\" content=\"https:\/\/broncesrey.cl\/wp-content\/uploads\/2024\/06\/favicon-bronces-rey.png\" \/>\n\t<meta property=\"og:image:width\" content=\"512\" \/>\n\t<meta property=\"og:image:height\" content=\"512\" \/>\n\t<meta property=\"og:image:type\" content=\"image\/png\" \/>\n<meta name=\"twitter:card\" content=\"summary_large_image\" \/>\n<meta name=\"twitter:label1\" content=\"Tiempo estimado de lectura\" \/>\n\t<meta name=\"twitter:data1\" content=\"1 minuto\" \/>\n<script type=\"application\/ld+json\" class=\"yoast-schema-graph\">{\"@context\":\"https:\/\/schema.org\",\"@graph\":[{\"@type\":\"WebPage\",\"@id\":\"https:\/\/broncesrey.cl\/index.php\/torneado-y-mecanizado-de-precision\/\",\"url\":\"https:\/\/broncesrey.cl\/index.php\/torneado-y-mecanizado-de-precision\/\",\"name\":\"Torneado y mecanizado de precisi\u00f3n | Bronces Rey\",\"isPartOf\":{\"@id\":\"https:\/\/broncesrey.cl\/#website\"},\"primaryImageOfPage\":{\"@id\":\"https:\/\/broncesrey.cl\/index.php\/torneado-y-mecanizado-de-precision\/#primaryimage\"},\"image\":{\"@id\":\"https:\/\/broncesrey.cl\/index.php\/torneado-y-mecanizado-de-precision\/#primaryimage\"},\"thumbnailUrl\":\"https:\/\/broncesrey.cl\/wp-content\/uploads\/2024\/06\/favicon-bronces-rey.png\",\"datePublished\":\"2024-07-02T12:54:50+00:00\",\"dateModified\":\"2024-07-10T16:39:09+00:00\",\"breadcrumb\":{\"@id\":\"https:\/\/broncesrey.cl\/index.php\/torneado-y-mecanizado-de-precision\/#breadcrumb\"},\"inLanguage\":\"es-CL\",\"potentialAction\":[{\"@type\":\"ReadAction\",\"target\":[\"https:\/\/broncesrey.cl\/index.php\/torneado-y-mecanizado-de-precision\/\"]}]},{\"@type\":\"ImageObject\",\"inLanguage\":\"es-CL\",\"@id\":\"https:\/\/broncesrey.cl\/index.php\/torneado-y-mecanizado-de-precision\/#primaryimage\",\"url\":\"https:\/\/broncesrey.cl\/wp-content\/uploads\/2024\/06\/favicon-bronces-rey.png\",\"contentUrl\":\"https:\/\/broncesrey.cl\/wp-content\/uploads\/2024\/06\/favicon-bronces-rey.png\",\"width\":512,\"height\":512},{\"@type\":\"BreadcrumbList\",\"@id\":\"https:\/\/broncesrey.cl\/index.php\/torneado-y-mecanizado-de-precision\/#breadcrumb\",\"itemListElement\":[{\"@type\":\"ListItem\",\"position\":1,\"name\":\"Portada\",\"item\":\"https:\/\/broncesrey.cl\/\"},{\"@type\":\"ListItem\",\"position\":2,\"name\":\"Torneado y mecanizado de precisi\u00f3n\"}]},{\"@type\":\"WebSite\",\"@id\":\"https:\/\/broncesrey.cl\/#website\",\"url\":\"https:\/\/broncesrey.cl\/\",\"name\":\"Bronces Rey\",\"description\":\"Un legado de metalurgia que perdura por m\u00e1s de 60 a\u00f1os\",\"publisher\":{\"@id\":\"https:\/\/broncesrey.cl\/#organization\"},\"potentialAction\":[{\"@type\":\"SearchAction\",\"target\":{\"@type\":\"EntryPoint\",\"urlTemplate\":\"https:\/\/broncesrey.cl\/?s={search_term_string}\"},\"query-input\":{\"@type\":\"PropertyValueSpecification\",\"valueRequired\":true,\"valueName\":\"search_term_string\"}}],\"inLanguage\":\"es-CL\"},{\"@type\":\"Organization\",\"@id\":\"https:\/\/broncesrey.cl\/#organization\",\"name\":\"Bronces Rey\",\"alternateName\":\"Bronces Rey\",\"url\":\"https:\/\/broncesrey.cl\/\",\"logo\":{\"@type\":\"ImageObject\",\"inLanguage\":\"es-CL\",\"@id\":\"https:\/\/broncesrey.cl\/#\/schema\/logo\/image\/\",\"url\":\"https:\/\/broncesrey.cl\/wp-content\/uploads\/2024\/06\/Logo-Bronces-Rey-01.png\",\"contentUrl\":\"https:\/\/broncesrey.cl\/wp-content\/uploads\/2024\/06\/Logo-Bronces-Rey-01.png\",\"width\":1043,\"height\":798,\"caption\":\"Bronces Rey\"},\"image\":{\"@id\":\"https:\/\/broncesrey.cl\/#\/schema\/logo\/image\/\"}}]}<\/script>\n<!-- \/ Yoast SEO plugin. -->","yoast_head_json":{"title":"Torneado y mecanizado de precisi\u00f3n | Bronces Rey","robots":{"index":"index","follow":"follow","max-snippet":"max-snippet:-1","max-image-preview":"max-image-preview:large","max-video-preview":"max-video-preview:-1"},"canonical":"https:\/\/broncesrey.cl\/index.php\/torneado-y-mecanizado-de-precision\/","og_locale":"es_ES","og_type":"article","og_title":"Torneado y mecanizado de precisi\u00f3n | Bronces Rey","og_description":"Torneado y mecanizado de precisi\u00f3n Nos especializamos en el torneado y mecanizado de piezas en torno convencional y torno CNC, [&hellip;]","og_url":"https:\/\/broncesrey.cl\/index.php\/torneado-y-mecanizado-de-precision\/","og_site_name":"Bronces Rey","article_modified_time":"2024-07-10T16:39:09+00:00","og_image":[{"width":512,"height":512,"url":"https:\/\/broncesrey.cl\/wp-content\/uploads\/2024\/06\/favicon-bronces-rey.png","type":"image\/png"}],"twitter_card":"summary_large_image","twitter_misc":{"Tiempo estimado de lectura":"1 minuto"},"schema":{"@context":"https:\/\/schema.org","@graph":[{"@type":"WebPage","@id":"https:\/\/broncesrey.cl\/index.php\/torneado-y-mecanizado-de-precision\/","url":"https:\/\/broncesrey.cl\/index.php\/torneado-y-mecanizado-de-precision\/","name":"Torneado y mecanizado de precisi\u00f3n | Bronces Rey","isPartOf":{"@id":"https:\/\/broncesrey.cl\/#website"},"primaryImageOfPage":{"@id":"https:\/\/broncesrey.cl\/index.php\/torneado-y-mecanizado-de-precision\/#primaryimage"},"image":{"@id":"https:\/\/broncesrey.cl\/index.php\/torneado-y-mecanizado-de-precision\/#primaryimage"},"thumbnailUrl":"https:\/\/broncesrey.cl\/wp-content\/uploads\/2024\/06\/favicon-bronces-rey.png","datePublished":"2024-07-02T12:54:50+00:00","dateModified":"2024-07-10T16:39:09+00:00","breadcrumb":{"@id":"https:\/\/broncesrey.cl\/index.php\/torneado-y-mecanizado-de-precision\/#breadcrumb"},"inLanguage":"es-CL","potentialAction":[{"@type":"ReadAction","target":["https:\/\/broncesrey.cl\/index.php\/torneado-y-mecanizado-de-precision\/"]}]},{"@type":"ImageObject","inLanguage":"es-CL","@id":"https:\/\/broncesrey.cl\/index.php\/torneado-y-mecanizado-de-precision\/#primaryimage","url":"https:\/\/broncesrey.cl\/wp-content\/uploads\/2024\/06\/favicon-bronces-rey.png","contentUrl":"https:\/\/broncesrey.cl\/wp-content\/uploads\/2024\/06\/favicon-bronces-rey.png","width":512,"height":512},{"@type":"BreadcrumbList","@id":"https:\/\/broncesrey.cl\/index.php\/torneado-y-mecanizado-de-precision\/#breadcrumb","itemListElement":[{"@type":"ListItem","position":1,"name":"Portada","item":"https:\/\/broncesrey.cl\/"},{"@type":"ListItem","position":2,"name":"Torneado y mecanizado de precisi\u00f3n"}]},{"@type":"WebSite","@id":"https:\/\/broncesrey.cl\/#website","url":"https:\/\/broncesrey.cl\/","name":"Bronces Rey","description":"Un legado de metalurgia que perdura por m\u00e1s de 60 a\u00f1os","publisher":{"@id":"https:\/\/broncesrey.cl\/#organization"},"potentialAction":[{"@type":"SearchAction","target":{"@type":"EntryPoint","urlTemplate":"https:\/\/broncesrey.cl\/?s={search_term_string}"},"query-input":{"@type":"PropertyValueSpecification","valueRequired":true,"valueName":"search_term_string"}}],"inLanguage":"es-CL"},{"@type":"Organization","@id":"https:\/\/broncesrey.cl\/#organization","name":"Bronces Rey","alternateName":"Bronces Rey","url":"https:\/\/broncesrey.cl\/","logo":{"@type":"ImageObject","inLanguage":"es-CL","@id":"https:\/\/broncesrey.cl\/#\/schema\/logo\/image\/","url":"https:\/\/broncesrey.cl\/wp-content\/uploads\/2024\/06\/Logo-Bronces-Rey-01.png","contentUrl":"https:\/\/broncesrey.cl\/wp-content\/uploads\/2024\/06\/Logo-Bronces-Rey-01.png","width":1043,"height":798,"caption":"Bronces Rey"},"image":{"@id":"https:\/\/broncesrey.cl\/#\/schema\/logo\/image\/"}}]}},"_links":{"self":[{"href":"https:\/\/broncesrey.cl\/index.php\/wp-json\/wp\/v2\/pages\/181","targetHints":{"allow":["GET"]}}],"collection":[{"href":"https:\/\/broncesrey.cl\/index.php\/wp-json\/wp\/v2\/pages"}],"about":[{"href":"https:\/\/broncesrey.cl\/index.php\/wp-json\/wp\/v2\/types\/page"}],"author":[{"embeddable":true,"href":"https:\/\/broncesrey.cl\/index.php\/wp-json\/wp\/v2\/users\/1"}],"replies":[{"embeddable":true,"href":"https:\/\/broncesrey.cl\/index.php\/wp-json\/wp\/v2\/comments?post=181"}],"version-history":[{"count":13,"href":"https:\/\/broncesrey.cl\/index.php\/wp-json\/wp\/v2\/pages\/181\/revisions"}],"predecessor-version":[{"id":330,"href":"https:\/\/broncesrey.cl\/index.php\/wp-json\/wp\/v2\/pages\/181\/revisions\/330"}],"wp:featuredmedia":[{"embeddable":true,"href":"https:\/\/broncesrey.cl\/index.php\/wp-json\/wp\/v2\/media\/21"}],"wp:attachment":[{"href":"https:\/\/broncesrey.cl\/index.php\/wp-json\/wp\/v2\/media?parent=181"}],"curies":[{"name":"wp","href":"https:\/\/api.w.org\/{rel}","templated":true}]}}