{"id":183,"date":"2024-07-02T08:55:19","date_gmt":"2024-07-02T12:55:19","guid":{"rendered":"https:\/\/broncesrey.cl\/?page_id=183"},"modified":"2024-07-10T12:38:31","modified_gmt":"2024-07-10T16:38:31","slug":"galvanoplastia","status":"publish","type":"page","link":"https:\/\/broncesrey.cl\/index.php\/galvanoplastia\/","title":{"rendered":"Galvanoplastia"},"content":{"rendered":"\t\t<div data-elementor-type=\"wp-page\" data-elementor-id=\"183\" class=\"elementor elementor-183\" data-elementor-post-type=\"page\">\n\t\t\t\t\t\t<section class=\"elementor-section elementor-top-section elementor-element elementor-element-a04ea8f elementor-section-full_width elementor-section-height-default elementor-section-height-default\" data-id=\"a04ea8f\" data-element_type=\"section\">\n\t\t\t\t\t\t<div class=\"elementor-container elementor-column-gap-no\">\n\t\t\t\t\t<div class=\"elementor-column elementor-col-100 elementor-top-column elementor-element elementor-element-658a57c\" data-id=\"658a57c\" data-element_type=\"column\">\n\t\t\t<div class=\"elementor-widget-wrap elementor-element-populated\">\n\t\t\t\t\t\t<div class=\"elementor-element elementor-element-1b1a5ca elementor-widget elementor-widget-image\" data-id=\"1b1a5ca\" data-element_type=\"widget\" data-widget_type=\"image.default\">\n\t\t\t\t<div class=\"elementor-widget-container\">\n\t\t\t\t\t\t\t\t\t\t\t\t\t<img fetchpriority=\"high\" decoding=\"async\" width=\"1600\" height=\"650\" src=\"https:\/\/broncesrey.cl\/wp-content\/uploads\/2024\/07\/Galvanoplastia-bronces-rey.jpg\" class=\"attachment-full size-full wp-image-190\" alt=\"\" srcset=\"https:\/\/broncesrey.cl\/wp-content\/uploads\/2024\/07\/Galvanoplastia-bronces-rey.jpg 1600w, https:\/\/broncesrey.cl\/wp-content\/uploads\/2024\/07\/Galvanoplastia-bronces-rey-300x122.jpg 300w, https:\/\/broncesrey.cl\/wp-content\/uploads\/2024\/07\/Galvanoplastia-bronces-rey-1024x416.jpg 1024w, https:\/\/broncesrey.cl\/wp-content\/uploads\/2024\/07\/Galvanoplastia-bronces-rey-768x312.jpg 768w, https:\/\/broncesrey.cl\/wp-content\/uploads\/2024\/07\/Galvanoplastia-bronces-rey-1536x624.jpg 1536w\" sizes=\"(max-width: 1600px) 100vw, 1600px\" \/>\t\t\t\t\t\t\t\t\t\t\t\t\t<\/div>\n\t\t\t\t<\/div>\n\t\t\t\t\t<\/div>\n\t\t<\/div>\n\t\t\t\t\t<\/div>\n\t\t<\/section>\n\t\t\t\t<section class=\"elementor-section elementor-top-section elementor-element elementor-element-615e323 elementor-section-boxed elementor-section-height-default elementor-section-height-default\" data-id=\"615e323\" data-element_type=\"section\">\n\t\t\t\t\t\t<div class=\"elementor-container elementor-column-gap-default\">\n\t\t\t\t\t<div class=\"elementor-column elementor-col-100 elementor-top-column elementor-element elementor-element-b841800\" data-id=\"b841800\" data-element_type=\"column\">\n\t\t\t<div class=\"elementor-widget-wrap elementor-element-populated\">\n\t\t\t\t\t\t<div class=\"elementor-element elementor-element-b815c6f elementor-widget elementor-widget-heading\" data-id=\"b815c6f\" data-element_type=\"widget\" data-widget_type=\"heading.default\">\n\t\t\t\t<div class=\"elementor-widget-container\">\n\t\t\t<h2 class=\"elementor-heading-title elementor-size-default\">Galvanoplastia<\/h2>\t\t<\/div>\n\t\t\t\t<\/div>\n\t\t\t\t<div class=\"elementor-element elementor-element-c1c90cf elementor-widget elementor-widget-heading\" data-id=\"c1c90cf\" data-element_type=\"widget\" data-widget_type=\"heading.default\">\n\t\t\t\t<div class=\"elementor-widget-container\">\n\t\t\t<h3 class=\"elementor-heading-title elementor-size-default\">Protecci\u00f3n y belleza para sus piezas met\u00e1licas<\/h3>\t\t<\/div>\n\t\t\t\t<\/div>\n\t\t\t\t\t<\/div>\n\t\t<\/div>\n\t\t\t\t\t<\/div>\n\t\t<\/section>\n\t\t\t\t<section class=\"elementor-section elementor-top-section elementor-element elementor-element-b4a16f2 elementor-section-boxed elementor-section-height-default elementor-section-height-default\" data-id=\"b4a16f2\" data-element_type=\"section\" data-settings=\"{&quot;background_background&quot;:&quot;classic&quot;}\">\n\t\t\t\t\t\t<div class=\"elementor-container elementor-column-gap-default\">\n\t\t\t\t\t<div class=\"elementor-column elementor-col-100 elementor-top-column elementor-element elementor-element-4bd10e6\" data-id=\"4bd10e6\" data-element_type=\"column\">\n\t\t\t<div class=\"elementor-widget-wrap elementor-element-populated\">\n\t\t\t\t\t\t<div class=\"elementor-element elementor-element-0b39c05 elementor-widget elementor-widget-text-editor\" data-id=\"0b39c05\" data-element_type=\"widget\" data-widget_type=\"text-editor.default\">\n\t\t\t\t<div class=\"elementor-widget-container\">\n\t\t\t\t\t\t\t<p>La galvanoplastia es un proceso qu\u00edmico-electroqu\u00edmico que deposita una capa fina de metal sobre la superficie de una pieza, con el fin de protegerla de la corrosi\u00f3n, mejorar su apariencia y darle propiedades espec\u00edficas. Este proceso es ampliamente utilizado en diversas industrias, incluyendo la automotriz, la electr\u00f3nica, la construcci\u00f3n y la fabricaci\u00f3n de art\u00edculos para el hogar.<\/p><p>En Bronces Rey Ltda., contamos con un equipo altamente calificado y tecnolog\u00eda de vanguardia para ofrecer servicios de galvanoplastia de la m\u00e1s alta calidad. Nos enfocamos en cumplir con los m\u00e1s estrictos est\u00e1ndares de calidad, utilizando solo materiales de la m\u00e1s alta calidad y siguiendo procesos rigurosos para garantizar resultados \u00f3ptimos.<\/p>\t\t\t\t\t\t<\/div>\n\t\t\t\t<\/div>\n\t\t\t\t\t<\/div>\n\t\t<\/div>\n\t\t\t\t\t<\/div>\n\t\t<\/section>\n\t\t\t\t<section class=\"elementor-section elementor-top-section elementor-element elementor-element-a95a71b elementor-section-boxed elementor-section-height-default elementor-section-height-default\" data-id=\"a95a71b\" data-element_type=\"section\" data-settings=\"{&quot;background_background&quot;:&quot;classic&quot;}\">\n\t\t\t\t\t\t<div class=\"elementor-container elementor-column-gap-default\">\n\t\t\t\t\t<div class=\"elementor-column elementor-col-100 elementor-top-column elementor-element elementor-element-d8dcdd5\" data-id=\"d8dcdd5\" data-element_type=\"column\">\n\t\t\t<div class=\"elementor-widget-wrap elementor-element-populated\">\n\t\t\t\t\t\t<div class=\"elementor-element elementor-element-a84e749 elementor-widget elementor-widget-heading\" data-id=\"a84e749\" data-element_type=\"widget\" data-widget_type=\"heading.default\">\n\t\t\t\t<div class=\"elementor-widget-container\">\n\t\t\t<h3 class=\"elementor-heading-title elementor-size-default\">Beneficios de la galvanoplastia con Bronces Rey <\/h3>\t\t<\/div>\n\t\t\t\t<\/div>\n\t\t\t\t<div class=\"elementor-element elementor-element-822eb9b elementor-widget elementor-widget-text-editor\" data-id=\"822eb9b\" data-element_type=\"widget\" data-widget_type=\"text-editor.default\">\n\t\t\t\t<div class=\"elementor-widget-container\">\n\t\t\t\t\t\t\t<ul><li>Protecci\u00f3n contra la corrosi\u00f3n: La galvanoplastia prolonga significativamente la vida \u00fatil de las piezas met\u00e1licas al protegerlas de la oxidaci\u00f3n y otros agentes corrosivos.<\/li><li>Mejora la apariencia: La galvanoplastia puede agregar un acabado brillante, satinado o mate a las piezas met\u00e1licas, mejorando su est\u00e9tica y valor comercial.<\/li><li>Propiedades espec\u00edficas: La galvanoplastia puede utilizarse para impartir propiedades espec\u00edficas a las piezas met\u00e1licas, como mayor conductividad el\u00e9ctrica, dureza o resistencia al desgaste.<br \/><br \/><\/li><\/ul>\t\t\t\t\t\t<\/div>\n\t\t\t\t<\/div>\n\t\t\t\t\t<\/div>\n\t\t<\/div>\n\t\t\t\t\t<\/div>\n\t\t<\/section>\n\t\t\t\t<section class=\"elementor-section elementor-top-section elementor-element elementor-element-f3bc641 elementor-section-boxed elementor-section-height-default elementor-section-height-default\" data-id=\"f3bc641\" data-element_type=\"section\">\n\t\t\t\t\t\t<div class=\"elementor-container elementor-column-gap-default\">\n\t\t\t\t\t<div class=\"elementor-column elementor-col-100 elementor-top-column elementor-element elementor-element-331cfec\" data-id=\"331cfec\" data-element_type=\"column\">\n\t\t\t<div class=\"elementor-widget-wrap elementor-element-populated\">\n\t\t\t\t\t\t<div class=\"elementor-element elementor-element-8fd6e0e elementor-widget elementor-widget-heading\" data-id=\"8fd6e0e\" data-element_type=\"widget\" data-widget_type=\"heading.default\">\n\t\t\t\t<div class=\"elementor-widget-container\">\n\t\t\t<h2 class=\"elementor-heading-title elementor-size-default\">Cont\u00e1ctanos<\/h2>\t\t<\/div>\n\t\t\t\t<\/div>\n\t\t\t\t<div class=\"elementor-element elementor-element-4369776 elementor-button-align-center elementor-widget elementor-widget-form\" data-id=\"4369776\" data-element_type=\"widget\" data-settings=\"{&quot;step_next_label&quot;:&quot;Next&quot;,&quot;step_previous_label&quot;:&quot;Previous&quot;,&quot;button_width&quot;:&quot;100&quot;,&quot;step_type&quot;:&quot;number_text&quot;,&quot;step_icon_shape&quot;:&quot;circle&quot;}\" data-widget_type=\"form.default\">\n\t\t\t\t<div class=\"elementor-widget-container\">\n\t\t\t\t\t<form class=\"elementor-form\" method=\"post\" name=\"Formulario Bronces Rey\">\n\t\t\t<input type=\"hidden\" name=\"post_id\" value=\"183\"\/>\n\t\t\t<input type=\"hidden\" name=\"form_id\" value=\"4369776\"\/>\n\t\t\t<input type=\"hidden\" name=\"referer_title\" value=\"Bronces Rey\" \/>\n\n\t\t\t\n\t\t\t<div class=\"elementor-form-fields-wrapper elementor-labels-above\">\n\t\t\t\t\t\t\t\t<div class=\"elementor-field-type-text elementor-field-group elementor-column elementor-field-group-name elementor-col-100\">\n\t\t\t\t\t\t\t\t\t\t\t\t<label for=\"form-field-name\" class=\"elementor-field-label\">\n\t\t\t\t\t\t\t\tNombre\t\t\t\t\t\t\t<\/label>\n\t\t\t\t\t\t\t\t\t\t\t\t\t\t<input size=\"1\" type=\"text\" name=\"form_fields[name]\" id=\"form-field-name\" class=\"elementor-field elementor-size-sm  elementor-field-textual\" placeholder=\"Nombre\">\n\t\t\t\t\t\t\t\t\t\t\t<\/div>\n\t\t\t\t\t\t\t\t<div class=\"elementor-field-type-email elementor-field-group elementor-column elementor-field-group-email elementor-col-100 elementor-field-required\">\n\t\t\t\t\t\t\t\t\t\t\t\t<label for=\"form-field-email\" class=\"elementor-field-label\">\n\t\t\t\t\t\t\t\tEmail\t\t\t\t\t\t\t<\/label>\n\t\t\t\t\t\t\t\t\t\t\t\t\t\t<input size=\"1\" type=\"email\" name=\"form_fields[email]\" id=\"form-field-email\" class=\"elementor-field elementor-size-sm  elementor-field-textual\" placeholder=\"Email\" required=\"required\" aria-required=\"true\">\n\t\t\t\t\t\t\t\t\t\t\t<\/div>\n\t\t\t\t\t\t\t\t<div class=\"elementor-field-type-tel elementor-field-group elementor-column elementor-field-group-field_8f15a04 elementor-col-100 elementor-field-required\">\n\t\t\t\t\t\t\t\t\t\t\t\t<label for=\"form-field-field_8f15a04\" class=\"elementor-field-label\">\n\t\t\t\t\t\t\t\tTel\u00e9fono\t\t\t\t\t\t\t<\/label>\n\t\t\t\t\t\t\t\t<input size=\"1\" type=\"tel\" name=\"form_fields[field_8f15a04]\" id=\"form-field-field_8f15a04\" class=\"elementor-field elementor-size-sm  elementor-field-textual\" placeholder=\"+569 1234 5678\" required=\"required\" aria-required=\"true\" pattern=\"[0-9()#&amp;+*-=.]+\" title=\"Only numbers and phone characters (#, -, *, etc) are accepted.\">\n\n\t\t\t\t\t\t<\/div>\n\t\t\t\t\t\t\t\t<div class=\"elementor-field-type-textarea elementor-field-group elementor-column elementor-field-group-message elementor-col-100\">\n\t\t\t\t\t\t\t\t\t\t\t\t<label for=\"form-field-message\" class=\"elementor-field-label\">\n\t\t\t\t\t\t\t\tMensaje\t\t\t\t\t\t\t<\/label>\n\t\t\t\t\t\t<textarea class=\"elementor-field-textual elementor-field  elementor-size-sm\" name=\"form_fields[message]\" id=\"form-field-message\" rows=\"4\" placeholder=\"Mensaje\"><\/textarea>\t\t\t\t<\/div>\n\t\t\t\t\t\t\t\t<div class=\"elementor-field-type-recaptcha elementor-field-group elementor-column elementor-field-group-field_ddb252e elementor-col-100\">\n\t\t\t\t\t<div class=\"elementor-field\" id=\"form-field-field_ddb252e\"><div class=\"elementor-g-recaptcha\" data-sitekey=\"6LdrCA0qAAAAAC2U5vMDgf_-vDsWtlXpX4udyAgz\" data-type=\"v2_checkbox\" data-theme=\"light\" data-size=\"normal\"><\/div><\/div>\t\t\t\t<\/div>\n\t\t\t\t\t\t\t\t<div class=\"elementor-field-group elementor-column elementor-field-type-submit elementor-col-100 e-form__buttons\">\n\t\t\t\t\t<button class=\"elementor-button elementor-size-sm\" type=\"submit\">\n\t\t\t\t\t\t<span class=\"elementor-button-content-wrapper\">\n\t\t\t\t\t\t\t\t\t\t\t\t\t\t\t\t\t\t\t\t\t\t<span class=\"elementor-button-text\">Enviar<\/span>\n\t\t\t\t\t\t\t\t\t\t\t\t\t<\/span>\n\t\t\t\t\t<\/button>\n\t\t\t\t<\/div>\n\t\t\t<\/div>\n\t\t<\/form>\n\t\t\t\t<\/div>\n\t\t\t\t<\/div>\n\t\t\t\t\t<\/div>\n\t\t<\/div>\n\t\t\t\t\t<\/div>\n\t\t<\/section>\n\t\t\t\t<\/div>\n\t\t","protected":false},"excerpt":{"rendered":"<p>Galvanoplastia Protecci\u00f3n y belleza para sus piezas met\u00e1licas La galvanoplastia es un proceso qu\u00edmico-electroqu\u00edmico que deposita una capa fina de [&hellip;]<\/p>\n","protected":false},"author":1,"featured_media":21,"parent":0,"menu_order":0,"comment_status":"closed","ping_status":"closed","template":"elementor_header_footer","meta":{"site-sidebar-layout":"no-sidebar","site-content-layout":"","ast-site-content-layout":"full-width-container","site-content-style":"default","site-sidebar-style":"default","ast-global-header-display":"","ast-banner-title-visibility":"","ast-main-header-display":"","ast-hfb-above-header-display":"","ast-hfb-below-header-display":"","ast-hfb-mobile-header-display":"","site-post-title":"disabled","ast-breadcrumbs-content":"","ast-featured-img":"disabled","footer-sml-layout":"","theme-transparent-header-meta":"","adv-header-id-meta":"","stick-header-meta":"","header-above-stick-meta":"","header-main-stick-meta":"","header-below-stick-meta":"","astra-migrate-meta-layouts":"default","ast-page-background-enabled":"default","ast-page-background-meta":{"desktop":{"background-color":"var(--ast-global-color-4)","background-image":"","background-repeat":"repeat","background-position":"center center","background-size":"auto","background-attachment":"scroll","background-type":"","background-media":"","overlay-type":"","overlay-color":"","overlay-opacity":"","overlay-gradient":""},"tablet":{"background-color":"","background-image":"","background-repeat":"repeat","background-position":"center center","background-size":"auto","background-attachment":"scroll","background-type":"","background-media":"","overlay-type":"","overlay-color":"","overlay-opacity":"","overlay-gradient":""},"mobile":{"background-color":"","background-image":"","background-repeat":"repeat","background-position":"center center","background-size":"auto","background-attachment":"scroll","background-type":"","background-media":"","overlay-type":"","overlay-color":"","overlay-opacity":"","overlay-gradient":""}},"ast-content-background-meta":{"desktop":{"background-color":"var(--ast-global-color-5)","background-image":"","background-repeat":"repeat","background-position":"center center","background-size":"auto","background-attachment":"scroll","background-type":"","background-media":"","overlay-type":"","overlay-color":"","overlay-opacity":"","overlay-gradient":""},"tablet":{"background-color":"var(--ast-global-color-5)","background-image":"","background-repeat":"repeat","background-position":"center center","background-size":"auto","background-attachment":"scroll","background-type":"","background-media":"","overlay-type":"","overlay-color":"","overlay-opacity":"","overlay-gradient":""},"mobile":{"background-color":"var(--ast-global-color-5)","background-image":"","background-repeat":"repeat","background-position":"center center","background-size":"auto","background-attachment":"scroll","background-type":"","background-media":"","overlay-type":"","overlay-color":"","overlay-opacity":"","overlay-gradient":""}},"footnotes":""},"class_list":["post-183","page","type-page","status-publish","has-post-thumbnail","hentry"],"yoast_head":"<!-- This site is optimized with the Yoast SEO plugin v24.0 - https:\/\/yoast.com\/wordpress\/plugins\/seo\/ -->\n<title>Galvanoplastia | Bronces Rey<\/title>\n<meta name=\"robots\" content=\"index, follow, max-snippet:-1, max-image-preview:large, max-video-preview:-1\" \/>\n<link rel=\"canonical\" href=\"https:\/\/broncesrey.cl\/index.php\/galvanoplastia\/\" \/>\n<meta property=\"og:locale\" content=\"es_ES\" \/>\n<meta property=\"og:type\" content=\"article\" \/>\n<meta property=\"og:title\" content=\"Galvanoplastia | Bronces Rey\" \/>\n<meta property=\"og:description\" content=\"Galvanoplastia Protecci\u00f3n y belleza para sus piezas met\u00e1licas La galvanoplastia es un proceso qu\u00edmico-electroqu\u00edmico que deposita una capa fina de [&hellip;]\" \/>\n<meta property=\"og:url\" content=\"https:\/\/broncesrey.cl\/index.php\/galvanoplastia\/\" \/>\n<meta property=\"og:site_name\" content=\"Bronces Rey\" \/>\n<meta property=\"article:modified_time\" content=\"2024-07-10T16:38:31+00:00\" \/>\n<meta property=\"og:image\" content=\"https:\/\/broncesrey.cl\/wp-content\/uploads\/2024\/06\/favicon-bronces-rey.png\" \/>\n\t<meta property=\"og:image:width\" content=\"512\" \/>\n\t<meta property=\"og:image:height\" content=\"512\" \/>\n\t<meta property=\"og:image:type\" content=\"image\/png\" \/>\n<meta name=\"twitter:card\" content=\"summary_large_image\" \/>\n<meta name=\"twitter:label1\" content=\"Tiempo estimado de lectura\" \/>\n\t<meta name=\"twitter:data1\" content=\"1 minuto\" \/>\n<script type=\"application\/ld+json\" class=\"yoast-schema-graph\">{\"@context\":\"https:\/\/schema.org\",\"@graph\":[{\"@type\":\"WebPage\",\"@id\":\"https:\/\/broncesrey.cl\/index.php\/galvanoplastia\/\",\"url\":\"https:\/\/broncesrey.cl\/index.php\/galvanoplastia\/\",\"name\":\"Galvanoplastia | Bronces Rey\",\"isPartOf\":{\"@id\":\"https:\/\/broncesrey.cl\/#website\"},\"primaryImageOfPage\":{\"@id\":\"https:\/\/broncesrey.cl\/index.php\/galvanoplastia\/#primaryimage\"},\"image\":{\"@id\":\"https:\/\/broncesrey.cl\/index.php\/galvanoplastia\/#primaryimage\"},\"thumbnailUrl\":\"https:\/\/broncesrey.cl\/wp-content\/uploads\/2024\/06\/favicon-bronces-rey.png\",\"datePublished\":\"2024-07-02T12:55:19+00:00\",\"dateModified\":\"2024-07-10T16:38:31+00:00\",\"breadcrumb\":{\"@id\":\"https:\/\/broncesrey.cl\/index.php\/galvanoplastia\/#breadcrumb\"},\"inLanguage\":\"es-CL\",\"potentialAction\":[{\"@type\":\"ReadAction\",\"target\":[\"https:\/\/broncesrey.cl\/index.php\/galvanoplastia\/\"]}]},{\"@type\":\"ImageObject\",\"inLanguage\":\"es-CL\",\"@id\":\"https:\/\/broncesrey.cl\/index.php\/galvanoplastia\/#primaryimage\",\"url\":\"https:\/\/broncesrey.cl\/wp-content\/uploads\/2024\/06\/favicon-bronces-rey.png\",\"contentUrl\":\"https:\/\/broncesrey.cl\/wp-content\/uploads\/2024\/06\/favicon-bronces-rey.png\",\"width\":512,\"height\":512},{\"@type\":\"BreadcrumbList\",\"@id\":\"https:\/\/broncesrey.cl\/index.php\/galvanoplastia\/#breadcrumb\",\"itemListElement\":[{\"@type\":\"ListItem\",\"position\":1,\"name\":\"Portada\",\"item\":\"https:\/\/broncesrey.cl\/\"},{\"@type\":\"ListItem\",\"position\":2,\"name\":\"Galvanoplastia\"}]},{\"@type\":\"WebSite\",\"@id\":\"https:\/\/broncesrey.cl\/#website\",\"url\":\"https:\/\/broncesrey.cl\/\",\"name\":\"Bronces Rey\",\"description\":\"Un legado de metalurgia que perdura por m\u00e1s de 60 a\u00f1os\",\"publisher\":{\"@id\":\"https:\/\/broncesrey.cl\/#organization\"},\"potentialAction\":[{\"@type\":\"SearchAction\",\"target\":{\"@type\":\"EntryPoint\",\"urlTemplate\":\"https:\/\/broncesrey.cl\/?s={search_term_string}\"},\"query-input\":{\"@type\":\"PropertyValueSpecification\",\"valueRequired\":true,\"valueName\":\"search_term_string\"}}],\"inLanguage\":\"es-CL\"},{\"@type\":\"Organization\",\"@id\":\"https:\/\/broncesrey.cl\/#organization\",\"name\":\"Bronces Rey\",\"alternateName\":\"Bronces Rey\",\"url\":\"https:\/\/broncesrey.cl\/\",\"logo\":{\"@type\":\"ImageObject\",\"inLanguage\":\"es-CL\",\"@id\":\"https:\/\/broncesrey.cl\/#\/schema\/logo\/image\/\",\"url\":\"https:\/\/broncesrey.cl\/wp-content\/uploads\/2024\/06\/Logo-Bronces-Rey-01.png\",\"contentUrl\":\"https:\/\/broncesrey.cl\/wp-content\/uploads\/2024\/06\/Logo-Bronces-Rey-01.png\",\"width\":1043,\"height\":798,\"caption\":\"Bronces Rey\"},\"image\":{\"@id\":\"https:\/\/broncesrey.cl\/#\/schema\/logo\/image\/\"}}]}<\/script>\n<!-- \/ Yoast SEO plugin. -->","yoast_head_json":{"title":"Galvanoplastia | Bronces Rey","robots":{"index":"index","follow":"follow","max-snippet":"max-snippet:-1","max-image-preview":"max-image-preview:large","max-video-preview":"max-video-preview:-1"},"canonical":"https:\/\/broncesrey.cl\/index.php\/galvanoplastia\/","og_locale":"es_ES","og_type":"article","og_title":"Galvanoplastia | Bronces Rey","og_description":"Galvanoplastia Protecci\u00f3n y belleza para sus piezas met\u00e1licas La galvanoplastia es un proceso qu\u00edmico-electroqu\u00edmico que deposita una capa fina de [&hellip;]","og_url":"https:\/\/broncesrey.cl\/index.php\/galvanoplastia\/","og_site_name":"Bronces Rey","article_modified_time":"2024-07-10T16:38:31+00:00","og_image":[{"width":512,"height":512,"url":"https:\/\/broncesrey.cl\/wp-content\/uploads\/2024\/06\/favicon-bronces-rey.png","type":"image\/png"}],"twitter_card":"summary_large_image","twitter_misc":{"Tiempo estimado de lectura":"1 minuto"},"schema":{"@context":"https:\/\/schema.org","@graph":[{"@type":"WebPage","@id":"https:\/\/broncesrey.cl\/index.php\/galvanoplastia\/","url":"https:\/\/broncesrey.cl\/index.php\/galvanoplastia\/","name":"Galvanoplastia | Bronces Rey","isPartOf":{"@id":"https:\/\/broncesrey.cl\/#website"},"primaryImageOfPage":{"@id":"https:\/\/broncesrey.cl\/index.php\/galvanoplastia\/#primaryimage"},"image":{"@id":"https:\/\/broncesrey.cl\/index.php\/galvanoplastia\/#primaryimage"},"thumbnailUrl":"https:\/\/broncesrey.cl\/wp-content\/uploads\/2024\/06\/favicon-bronces-rey.png","datePublished":"2024-07-02T12:55:19+00:00","dateModified":"2024-07-10T16:38:31+00:00","breadcrumb":{"@id":"https:\/\/broncesrey.cl\/index.php\/galvanoplastia\/#breadcrumb"},"inLanguage":"es-CL","potentialAction":[{"@type":"ReadAction","target":["https:\/\/broncesrey.cl\/index.php\/galvanoplastia\/"]}]},{"@type":"ImageObject","inLanguage":"es-CL","@id":"https:\/\/broncesrey.cl\/index.php\/galvanoplastia\/#primaryimage","url":"https:\/\/broncesrey.cl\/wp-content\/uploads\/2024\/06\/favicon-bronces-rey.png","contentUrl":"https:\/\/broncesrey.cl\/wp-content\/uploads\/2024\/06\/favicon-bronces-rey.png","width":512,"height":512},{"@type":"BreadcrumbList","@id":"https:\/\/broncesrey.cl\/index.php\/galvanoplastia\/#breadcrumb","itemListElement":[{"@type":"ListItem","position":1,"name":"Portada","item":"https:\/\/broncesrey.cl\/"},{"@type":"ListItem","position":2,"name":"Galvanoplastia"}]},{"@type":"WebSite","@id":"https:\/\/broncesrey.cl\/#website","url":"https:\/\/broncesrey.cl\/","name":"Bronces Rey","description":"Un legado de metalurgia que perdura por m\u00e1s de 60 a\u00f1os","publisher":{"@id":"https:\/\/broncesrey.cl\/#organization"},"potentialAction":[{"@type":"SearchAction","target":{"@type":"EntryPoint","urlTemplate":"https:\/\/broncesrey.cl\/?s={search_term_string}"},"query-input":{"@type":"PropertyValueSpecification","valueRequired":true,"valueName":"search_term_string"}}],"inLanguage":"es-CL"},{"@type":"Organization","@id":"https:\/\/broncesrey.cl\/#organization","name":"Bronces Rey","alternateName":"Bronces Rey","url":"https:\/\/broncesrey.cl\/","logo":{"@type":"ImageObject","inLanguage":"es-CL","@id":"https:\/\/broncesrey.cl\/#\/schema\/logo\/image\/","url":"https:\/\/broncesrey.cl\/wp-content\/uploads\/2024\/06\/Logo-Bronces-Rey-01.png","contentUrl":"https:\/\/broncesrey.cl\/wp-content\/uploads\/2024\/06\/Logo-Bronces-Rey-01.png","width":1043,"height":798,"caption":"Bronces Rey"},"image":{"@id":"https:\/\/broncesrey.cl\/#\/schema\/logo\/image\/"}}]}},"_links":{"self":[{"href":"https:\/\/broncesrey.cl\/index.php\/wp-json\/wp\/v2\/pages\/183","targetHints":{"allow":["GET"]}}],"collection":[{"href":"https:\/\/broncesrey.cl\/index.php\/wp-json\/wp\/v2\/pages"}],"about":[{"href":"https:\/\/broncesrey.cl\/index.php\/wp-json\/wp\/v2\/types\/page"}],"author":[{"embeddable":true,"href":"https:\/\/broncesrey.cl\/index.php\/wp-json\/wp\/v2\/users\/1"}],"replies":[{"embeddable":true,"href":"https:\/\/broncesrey.cl\/index.php\/wp-json\/wp\/v2\/comments?post=183"}],"version-history":[{"count":17,"href":"https:\/\/broncesrey.cl\/index.php\/wp-json\/wp\/v2\/pages\/183\/revisions"}],"predecessor-version":[{"id":324,"href":"https:\/\/broncesrey.cl\/index.php\/wp-json\/wp\/v2\/pages\/183\/revisions\/324"}],"wp:featuredmedia":[{"embeddable":true,"href":"https:\/\/broncesrey.cl\/index.php\/wp-json\/wp\/v2\/media\/21"}],"wp:attachment":[{"href":"https:\/\/broncesrey.cl\/index.php\/wp-json\/wp\/v2\/media?parent=183"}],"curies":[{"name":"wp","href":"https:\/\/api.w.org\/{rel}","templated":true}]}}